{"id":4462,"date":"2024-02-02T11:06:33","date_gmt":"2024-02-02T10:06:33","guid":{"rendered":"https:\/\/algattoverde.team99.it\/?page_id=4462"},"modified":"2024-09-06T07:50:39","modified_gmt":"2024-09-06T07:50:39","slug":"al-gatto-verde-sostenibilita","status":"publish","type":"page","link":"https:\/\/ristorantealgattoverde.com\/it\/al-gatto-verde-sostenibilita\/","title":{"rendered":"Sostenibilit\u00e0"},"content":{"rendered":"\n\n\n<!-- Slider -->\n\n<div class=\"blocco-slider-testo-container\">\n  <div class=\"carousel-slider-testo slider-testo\" data-flickity='{ \"draggable\": true , \"autoPlay\": 5000 , \"fade\": true , \"prevNextButtons\": false , \"pauseAutoPlayOnHover\": false, \"wrapAround\": true }'>\n\n  <!-- cell -->\n      <div class=\"carousel-cell-slider-testo\" style=\"background-image:url(https:\/\/ristorantealgattoverde.com\/wp-content\/uploads\/2024\/01\/SUEO_PDS1954.jpg);\">\n          <a class=\"blocco-slider-testo-lightbox\" href=\"https:\/\/ristorantealgattoverde.com\/wp-content\/uploads\/2024\/01\/SUEO_PDS1954.jpg\" data-lightbox=\"slider-lightbox\"><\/a>\n        <\/div>\n      <div class=\"carousel-cell-slider-testo\" style=\"background-image:url(https:\/\/ristorantealgattoverde.com\/wp-content\/uploads\/2024\/05\/al_gatto_verde_IMG_8589_orizz.jpg);\">\n          <a class=\"blocco-slider-testo-lightbox\" href=\"https:\/\/ristorantealgattoverde.com\/wp-content\/uploads\/2024\/05\/al_gatto_verde_IMG_8589_orizz.jpg\" data-lightbox=\"slider-lightbox\"><\/a>\n        <\/div>\n      <div class=\"carousel-cell-slider-testo\" style=\"background-image:url(https:\/\/ristorantealgattoverde.com\/wp-content\/uploads\/2024\/05\/al_gatto_verde_IMG_2948_orizz.jpg);\">\n          <a class=\"blocco-slider-testo-lightbox\" href=\"https:\/\/ristorantealgattoverde.com\/wp-content\/uploads\/2024\/05\/al_gatto_verde_IMG_2948_orizz.jpg\" data-lightbox=\"slider-lightbox\"><\/a>\n        <\/div>\n      <div class=\"carousel-cell-slider-testo\" style=\"background-image:url(https:\/\/ristorantealgattoverde.com\/wp-content\/uploads\/2024\/05\/al_gatto_verde_IMG_8596_orizz.jpg);\">\n          <a class=\"blocco-slider-testo-lightbox\" href=\"https:\/\/ristorantealgattoverde.com\/wp-content\/uploads\/2024\/05\/al_gatto_verde_IMG_8596_orizz.jpg\" data-lightbox=\"slider-lightbox\"><\/a>\n        <\/div>\n      <div class=\"carousel-cell-slider-testo\" style=\"background-image:url(https:\/\/ristorantealgattoverde.com\/wp-content\/uploads\/2024\/01\/SUEO_PDS1916.jpg);\">\n          <a class=\"blocco-slider-testo-lightbox\" href=\"https:\/\/ristorantealgattoverde.com\/wp-content\/uploads\/2024\/01\/SUEO_PDS1916.jpg\" data-lightbox=\"slider-lightbox\"><\/a>\n        <\/div>\n  \n  <\/div> <!-- fine carousel -->\n\n  <!-- JSX -->\n  <div class=\"blocco-slider-testo\" >\n    \n\n<div class=\"wp-block-group is-layout-flow wp-block-group-is-layout-flow\"><\/div>\n\n\n\n    \n\n\n\n  <\/div>\n\n  \n\n<\/div>\n\n\n\n\n\n\n\n\n\n<div class=\"wp-block-group has-colore-sei-background-color has-background has-global-padding is-layout-constrained wp-block-group-is-layout-constrained\">\n<div class=\"wp-block-group has-global-padding is-content-justification-left is-layout-constrained wp-container-core-group-is-layout-2 wp-block-group-is-layout-constrained\">\n<div style=\"height:80px\" aria-hidden=\"true\" class=\"wp-block-spacer\"><\/div>\n<\/div>\n\n\n\n<div class=\"wp-block-group has-global-padding is-content-justification-left is-layout-constrained wp-container-core-group-is-layout-4 wp-block-group-is-layout-constrained\">\n<div style=\"height:0px\" aria-hidden=\"true\" class=\"wp-block-spacer\"><\/div>\n\n\n\n<div class=\"wp-block-group has-global-padding is-content-justification-left is-layout-constrained wp-container-core-group-is-layout-3 wp-block-group-is-layout-constrained\">    <h1 class=\"blocco-contenuto-titolo has-colore-quattro-color has-titolo-standard-font-size\">SOSTENIBILIT\u00c0<\/h1>\n\n    <h3 class=\"blocco-contenuto-sottotitolo has-colore-quattro-color has-sottotitolo-font-size mr-b-3\">L\u2019ANIMA VERDE DEL GATTO VERDE<\/h3>\n    \n    <p class=\"blocco-contenuto-paragrafo has-colore-quattro-color has-paragrafo-font-size mr-b-3 mr-t-4\">La sostenibilit\u00e0 \u00e8 parte integrante del ristorante GATTO VERDE, sin dalla sua ideazione, sin dal suo \u201cparto\u201d. Per cui, \u00e9 insita in ogni aspetto che lo caratterizza: di seguito, argomento per argomento, vi racconteremo la nostra filosofia green.\n<span class=\"editor-wysiwyg-spazio\"><\/span>\nLaddove sarebbe stato semplice realizzare nuovi volumi, si \u00e9 al contrario scelto di recuperare e dar nuovo valore ad alcuni locali in disuso, quali magazzini e depositi dell\u2019acetaia esistente. Abbiamo in tal modo evitato un consumo di suolo per nuove edificazioni, per altro valorizzando l\u2019acetaia storica esistente nell\u2019antico edificio, tutt\u2019ora impegnata nella produzione dell\u2019Aceto Balsamico di Modena.<br \/>\nSi sono recuperati: gli ex porticati, divenuti la cucina realizzata in unico ambiente, senza, quindi, costruire partizioni al suo interno, ma realizzando un\u2019unica vetrata di protezione da quella che era la parte aperta del portico; la sala ristorante \u00e8 stata anch\u2019essa ricavata da unico ambiente che fu magazzino in precedenza, anche in questo caso privo di separazioni interne e sfruttando al massimo tutte le bucature esistenti verso l\u2019esterno per dare il confort visivo della vista sulla corte. Come servizi igienici, sono stati recuperati ed utilizzati quelli esistenti, rimodernandoli.\n<span class=\"editor-wysiwyg-spazio\"><\/span>\nL\u2019intervento non si \u00e8 limitato al solo recupero dei volumi esistenti, il progetto infatti \u00e8 stato centrato sulla sostenibilit\u00e0 dei consumi, sia nella sua realizzazione, sia nella gestione quotidiana della struttura, una volta inaugurata.\n<span class=\"editor-wysiwyg-spazio\"><\/span>\nLe dotazioni impiantistiche infatti sono state scelte con gli obiettivi di efficientamento e di sostenibilit\u00e0 sia nel recupero passivo delle risorse sia nel recupero attivo nella gestione quotidiana dell\u2019attivit\u00e0.\n<span class=\"editor-wysiwyg-spazio\"><\/span>\nIn primis, l\u2019edificio \u00e8 dotato di un impianto fotovoltaico di ultima generazione che ci rende totalmente indipendenti (compresi acetaia e museo e le due colonnine di ricarica auto elettriche!) dal punto di vista energetico, \u00e9 posto sulla copertura, per la produzione di energia elettrica in misura di 40 KWp potenza.\n<span class=\"editor-wysiwyg-spazio\"><\/span>\nLa struttura \u00e8 stata dotata di una rete di raccolta delle acque piovane che vengono recuperate per usi irrigui per il vicino orto, per il campo di grano e farro e per il frutteto. Parte delle acque vengono invece raccolte in apposite cisterne interrate ed attraverso un sistema di depurazione, filtrazione e riciclo, rimesse in circolazione per ridurre il consumo di acqua potabile.\n<span class=\"editor-wysiwyg-spazio\"><\/span>\nL\u2019impianto di climatizzazione invernale ed estiva \u00e8 dotato di pompa di calore aria-acqua idronica ad alta efficienza funzionante a gas refrigerante ecologico, accoppiata ad unit\u00e0 termo ventilante dotata di ventilatore inverter.\n<span class=\"editor-wysiwyg-spazio\"><\/span>\nAll\u2019interno del locale sono state inoltre osservate diverse attenzioni mirati alla salvaguardia della sostenibilit\u00e0 ambientale, sia negli impianti di lavorazione del ristorante sia nella ricerca e cura degli arredi. Nella dotazione impiantistica della cucina sono stati utilizzati sistemi di cottura elettrici a piastre ad induzione, eliminando completamente l\u2019uso di fuochi a gas.\n<span class=\"editor-wysiwyg-spazio\"><\/span>\nNell\u2019unico forno a legna presente \u00e8 stato utilizzato un sistema di abbattimento grassi e fuliggine (prodotto e garantito da ditta Smokie Modello Maxi Grill 350) atto a garantire l\u2019abbattimento al 95% del materiale particellare con parametri che prevedono valori in misura di una forbice tra 6,5 e 8,5 mg\/mc, pertanto nettamente inferiore al valore massimo di 50 mg\/mc previsto dalle normative.\n<span class=\"editor-wysiwyg-spazio\"><\/span>\nGli arredi del ristorante sono stati tutti realizzati ad hoc in materiali naturali quali legno, tessuti e rame, eliminando completamente manufatti in plastica che possono risultare inquinanti nella loro filiera produttiva.\n<span class=\"editor-wysiwyg-spazio\"><\/span>\nQuale ennesima caratteristica e peculiarit\u00e0 del Gatto Verde, che lo rendono una struttura estremamente attenta e sensibile al concetto di sostenibilit\u00e0 ambientale, segnalo lo sforzo verso il contenimento dei rifiuti in cucina ove siamo praticamente plastic free, cos\u00ec come un utilizzo intelligente dei rifiuti derivanti dalla cura dell\u2019area verde. Gli sfalci e le potature, sia delle piante utilizzate per la preparazione dei cibi sia per la periodica cura del verde, sono raccolti in un\u2019apposita area per il compostaggio (insieme all\u2019umido di cucina) per un loro riutilizzo come fertilizzante naturale.\n<span class=\"editor-wysiwyg-spazio\"><\/span>\nA causa di un tornado che ha colpito il parco di Casa Maria Luigia ad agosto 2022, 5 querce bisecolari sono state gravemente danneggiate. Per 3 settimane i giardinieri hanno lavorato per ripulire il parco, recuperando il legno degli alberi abbattuti. Esattamente un anno dopo, il Gatto Verde sta utilizzando quel legno per le cotture nei girarrosti, grill e forni a legna. Al legno di quercia si aggiungono sfalci di ciliegio e acacia, spuntature dei cedri, i petali delle rose, gli sfalci e i fiori dei sambuchi, l\u2019uva fragola o le innumerevoli erbe aromatiche piantate nei 5 ettari di parco bicentenario, utilizzati per aromatizzare le preparazioni in cucina.<br \/>\nUn ettaro di parco \u00e8 dedicato alla coltivazione di alberi da frutta e all\u2019orto per la coltivazione di ortaggi ed erbe aromatiche, che vengono utilizzate Al Gatto Verde e Casa Maria Luigia. Per scelta etica non abbiamo le serre: in inverno abbiamo la volont\u00e0 di sostenere i piccoli agricoltori locali.\n<\/p>\n\n\n\n\n\n<\/div>\n<\/div>\n\n\n\n<div class=\"wp-block-group has-global-padding is-content-justification-center is-layout-constrained wp-block-group-is-layout-constrained\">\n<div style=\"height:100px\" aria-hidden=\"true\" class=\"wp-block-spacer\"><\/div>\n<\/div>\n<\/div>\n\n\n\n<div class=\"wp-block-group gruppo-mosaico-slider mosaico-v1 is-layout-flow wp-block-group-is-layout-flow\">\n<div class=\"wp-block-group mosaico-v1-stack is-vertical is-content-justification-stretch is-nowrap is-layout-flex wp-container-core-group-is-layout-10 wp-block-group-is-layout-flex\">\n<div class=\"wp-block-columns mosaico-v1-colonne is-layout-flex wp-container-core-columns-is-layout-1 wp-block-columns-is-layout-flex\">\n<div class=\"wp-block-column mosaico-colonna-slider is-layout-flow wp-block-column-is-layout-flow\" style=\"flex-basis:55%\">\n\n\n<!-- Slider -->\n\n<div class=\"blocco-slider-testo-container\">\n  <div class=\"carousel-slider-testo slider-testo\" data-flickity='{ \"draggable\": true , \"autoPlay\": 5000 , \"fade\": true , \"prevNextButtons\": false , \"pauseAutoPlayOnHover\": false, \"wrapAround\": true }'>\n\n  <!-- cell -->\n      <div class=\"carousel-cell-slider-testo\" style=\"background-image:url(https:\/\/ristorantealgattoverde.com\/wp-content\/uploads\/2024\/05\/IMG_8598.jpg);\">\n          <a class=\"blocco-slider-testo-lightbox\" href=\"https:\/\/ristorantealgattoverde.com\/wp-content\/uploads\/2024\/05\/IMG_8598.jpg\" data-lightbox=\"slider-lightbox\"><\/a>\n        <\/div>\n  \n  <\/div> <!-- fine carousel -->\n\n  <!-- JSX -->\n  <div class=\"blocco-slider-testo\" >\n    \n\n<div class=\"wp-block-group is-layout-flow wp-block-group-is-layout-flow\"><\/div>\n\n\n\n    \n\n\n\n  <\/div>\n\n  \n\n<\/div>\n\n\n\n\n\n\n<\/div>\n\n\n\n<div class=\"wp-block-column is-vertically-aligned-bottom mosaico-v1-colonna-dx is-layout-flow wp-block-column-is-layout-flow\" style=\"flex-basis:45%\">\n<div class=\"wp-block-group mosaico-v1-box-img is-nowrap is-layout-flex wp-container-core-group-is-layout-8 wp-block-group-is-layout-flex\">\n<figure class=\"wp-block-image size-large\"><img loading=\"lazy\" decoding=\"async\" width=\"682\" height=\"1024\" src=\"https:\/\/ristorantealgattoverde.com\/wp-content\/uploads\/2024\/05\/IMG_8583-682x1024.jpg\" alt=\"\" class=\"wp-image-4939\" srcset=\"https:\/\/ristorantealgattoverde.com\/wp-content\/uploads\/2024\/05\/IMG_8583-682x1024.jpg 682w, https:\/\/ristorantealgattoverde.com\/wp-content\/uploads\/2024\/05\/IMG_8583-200x300.jpg 200w, https:\/\/ristorantealgattoverde.com\/wp-content\/uploads\/2024\/05\/IMG_8583-768x1152.jpg 768w, https:\/\/ristorantealgattoverde.com\/wp-content\/uploads\/2024\/05\/IMG_8583-1024x1536.jpg 1024w, https:\/\/ristorantealgattoverde.com\/wp-content\/uploads\/2024\/05\/IMG_8583.jpg 1333w\" sizes=\"(max-width: 682px) 100vw, 682px\" \/><\/figure>\n<\/div>\n\n\n\n<div class=\"wp-block-group mosaico-v1-box-img is-nowrap is-layout-flex wp-container-core-group-is-layout-9 wp-block-group-is-layout-flex\">\n<figure class=\"wp-block-image size-large\"><img loading=\"lazy\" decoding=\"async\" width=\"1024\" height=\"683\" src=\"https:\/\/ristorantealgattoverde.com\/wp-content\/uploads\/2024\/01\/SUEO_PDS1956-1024x683.jpg\" alt=\"\" class=\"wp-image-4533\" srcset=\"https:\/\/ristorantealgattoverde.com\/wp-content\/uploads\/2024\/01\/SUEO_PDS1956-1024x683.jpg 1024w, https:\/\/ristorantealgattoverde.com\/wp-content\/uploads\/2024\/01\/SUEO_PDS1956-300x200.jpg 300w, https:\/\/ristorantealgattoverde.com\/wp-content\/uploads\/2024\/01\/SUEO_PDS1956-768x512.jpg 768w, https:\/\/ristorantealgattoverde.com\/wp-content\/uploads\/2024\/01\/SUEO_PDS1956-1536x1025.jpg 1536w, https:\/\/ristorantealgattoverde.com\/wp-content\/uploads\/2024\/01\/SUEO_PDS1956.jpg 2000w\" sizes=\"(max-width: 1024px) 100vw, 1024px\" \/><\/figure>\n<\/div>\n<\/div>\n<\/div>\n<\/div>\n<\/div>\n\n\n\n<div class=\"wp-block-group has-colore-sei-background-color has-background has-global-padding is-layout-constrained wp-block-group-is-layout-constrained\">\n<div class=\"wp-block-group has-global-padding is-content-justification-left is-layout-constrained wp-container-core-group-is-layout-12 wp-block-group-is-layout-constrained\">\n<div style=\"height:80px\" aria-hidden=\"true\" class=\"wp-block-spacer\"><\/div>\n<\/div>\n\n\n\n<div class=\"wp-block-group has-global-padding is-content-justification-left is-layout-constrained wp-container-core-group-is-layout-14 wp-block-group-is-layout-constrained\">\n<div style=\"height:0px\" aria-hidden=\"true\" class=\"wp-block-spacer\"><\/div>\n\n\n\n<div class=\"wp-block-group has-global-padding is-content-justification-left is-layout-constrained wp-container-core-group-is-layout-13 wp-block-group-is-layout-constrained\">\n    \n    <p class=\"blocco-contenuto-paragrafo has-colore-quattro-color has-paragrafo-font-size mr-b-3 mr-t-4\">Nell\u2019acquisto delle materie prime, il ristorante ha stretto collaborazioni con piccoli produttori biologici e attenti al benessere animale e all\u2019ambiente. Come Regnani, salumeria che dal 1955 a Serramazzoni in provincia di Modena, lavora artigianalmente carne di maiale. La produzione di zamponi e cotechini avviene utilizzando solo carni appena macellate e i tagli usati sono: spalla, testa, gola, cotenna.<br \/>\nZivieri \u00e8 il nostro fornitore storico, con la sua macelleria e azienda agricola biologica di 100 ettari tra boschi e prati, da vent\u2019anni rifornisce la Francescana Family. La Fattoria Zivieri accoglie al suo interno oltre 350 capi di bestiame, allevati allo stato semibrado: pecore biellesi, capre della Val Nerina, bovini romagnoli, piemontesi e bianchi modenesi, maiali neri di Parma, di Cinta senese e Mora romagnola, cavalli, asini. Il benessere degli animali \u00e8 il punto centrale del loro allevamento. Ogni animale viene allevato con cura e attenzione, nel pieno rispetto dei suoi normali ritmi di crescita, allo stato semibrado: durante la notte, o nelle giornate climaticamente pi\u00f9 difficili, gli animali vengono lasciati riposare nelle stalle, tutte dotate di box interno e paddock esterno; al mattino, invece, ogni gregge viene portato al pascolo in aree diverse della propriet\u00e0. Gli animali sono liberi di pascolare e di nutrirsi di ci\u00f2 che, a seconda della stagione, la natura mette loro a disposizione, integrando con i cereali dell\u2019Appennino, e sono lasciati crescere nel pieno rispetto del loro normale ritmo di ingrassamento.<br \/>\nGli allevamenti a terra di polli sull\u2019Appennino bolognese, vengono portati avanti con una filosofia di conduzione che vede gli animali liberi di crescere in modo naturale, di vivere all\u2019aperto e nutrirsi di grano, favino, lino, granturco, orzo, erba medica, senza antibiotici e OGM. La filiera \u00e8 tracciata e controllata, con una carta d\u2019identit\u00e0 dettagliata che accompagna ogni taglio. L\u2019attenzione di Zivieri si rivolge anche alla selvaggina, puntando ad animali cacciati in selezione o controllo, con una filiera creata e sviluppata in collaborazione con la Ausl di Bologna a partire dal 2013.\n<span class=\"editor-wysiwyg-spazio\"><\/span>\nInoltre, oltre la met\u00e0 dei vini presente in carta vini \u00e9 biologica o biodinamica o genericamente naturale, certificata o no.\n<\/p>\n\n\n\n\n\n<\/div>\n<\/div>\n\n\n\n<div class=\"wp-block-group has-global-padding is-content-justification-center is-layout-constrained wp-block-group-is-layout-constrained\">\n<div style=\"height:100px\" aria-hidden=\"true\" class=\"wp-block-spacer\"><\/div>\n<\/div>\n<\/div>\n","protected":false},"excerpt":{"rendered":"","protected":false},"author":1,"featured_media":0,"parent":0,"menu_order":0,"comment_status":"closed","ping_status":"closed","template":"","meta":{"_acf_changed":false,"inline_featured_image":false,"footnotes":""},"class_list":["post-4462","page","type-page","status-publish","hentry"],"acf":[],"yoast_head":"<!-- This site is optimized with the Yoast SEO plugin v23.4 - https:\/\/yoast.com\/wordpress\/plugins\/seo\/ -->\n<title>Sostenibilit\u00e0 - Al Gatto Verde<\/title>\n<meta name=\"robots\" content=\"index, follow, max-snippet:-1, max-image-preview:large, max-video-preview:-1\" \/>\n<link rel=\"canonical\" href=\"https:\/\/ristorantealgattoverde.com\/it\/al-gatto-verde-sostenibilita\/\" \/>\n<meta property=\"og:locale\" content=\"it_IT\" \/>\n<meta property=\"og:type\" content=\"article\" \/>\n<meta property=\"og:title\" content=\"Sostenibilit\u00e0 - Al Gatto Verde\" \/>\n<meta property=\"og:url\" content=\"https:\/\/ristorantealgattoverde.com\/it\/al-gatto-verde-sostenibilita\/\" \/>\n<meta property=\"og:site_name\" content=\"Al Gatto Verde\" \/>\n<meta property=\"article:modified_time\" content=\"2024-09-06T07:50:39+00:00\" \/>\n<meta property=\"og:image\" content=\"https:\/\/ristorantealgattoverde.com\/wp-content\/uploads\/2024\/05\/IMG_8583-682x1024.jpg\" \/>\n<meta name=\"twitter:card\" content=\"summary_large_image\" \/>\n<meta name=\"twitter:label1\" content=\"Tempo di lettura stimato\" \/>\n\t<meta name=\"twitter:data1\" content=\"1 minuto\" \/>\n<script type=\"application\/ld+json\" class=\"yoast-schema-graph\">{\"@context\":\"https:\/\/schema.org\",\"@graph\":[{\"@type\":\"WebPage\",\"@id\":\"https:\/\/ristorantealgattoverde.com\/it\/al-gatto-verde-sostenibilita\/\",\"url\":\"https:\/\/ristorantealgattoverde.com\/it\/al-gatto-verde-sostenibilita\/\",\"name\":\"Sostenibilit\u00e0 - Al Gatto Verde\",\"isPartOf\":{\"@id\":\"https:\/\/ristorantealgattoverde.com\/#website\"},\"primaryImageOfPage\":{\"@id\":\"https:\/\/ristorantealgattoverde.com\/it\/al-gatto-verde-sostenibilita\/#primaryimage\"},\"image\":{\"@id\":\"https:\/\/ristorantealgattoverde.com\/it\/al-gatto-verde-sostenibilita\/#primaryimage\"},\"thumbnailUrl\":\"https:\/\/ristorantealgattoverde.com\/wp-content\/uploads\/2024\/05\/IMG_8583-682x1024.jpg\",\"datePublished\":\"2024-02-02T10:06:33+00:00\",\"dateModified\":\"2024-09-06T07:50:39+00:00\",\"breadcrumb\":{\"@id\":\"https:\/\/ristorantealgattoverde.com\/it\/al-gatto-verde-sostenibilita\/#breadcrumb\"},\"inLanguage\":\"it-IT\",\"potentialAction\":[{\"@type\":\"ReadAction\",\"target\":[\"https:\/\/ristorantealgattoverde.com\/it\/al-gatto-verde-sostenibilita\/\"]}]},{\"@type\":\"ImageObject\",\"inLanguage\":\"it-IT\",\"@id\":\"https:\/\/ristorantealgattoverde.com\/it\/al-gatto-verde-sostenibilita\/#primaryimage\",\"url\":\"https:\/\/ristorantealgattoverde.com\/wp-content\/uploads\/2024\/05\/IMG_8583-682x1024.jpg\",\"contentUrl\":\"https:\/\/ristorantealgattoverde.com\/wp-content\/uploads\/2024\/05\/IMG_8583-682x1024.jpg\"},{\"@type\":\"BreadcrumbList\",\"@id\":\"https:\/\/ristorantealgattoverde.com\/it\/al-gatto-verde-sostenibilita\/#breadcrumb\",\"itemListElement\":[{\"@type\":\"ListItem\",\"position\":1,\"name\":\"Home\",\"item\":\"https:\/\/ristorantealgattoverde.com\/it\/\"},{\"@type\":\"ListItem\",\"position\":2,\"name\":\"Sostenibilit\u00e0\"}]},{\"@type\":\"WebSite\",\"@id\":\"https:\/\/ristorantealgattoverde.com\/#website\",\"url\":\"https:\/\/ristorantealgattoverde.com\/\",\"name\":\"Al Gatto Verde\",\"description\":\"Il ristorante della chef Jessica Rosval presso Casa Maria Luigia\",\"publisher\":{\"@id\":\"https:\/\/ristorantealgattoverde.com\/#organization\"},\"potentialAction\":[{\"@type\":\"SearchAction\",\"target\":{\"@type\":\"EntryPoint\",\"urlTemplate\":\"https:\/\/ristorantealgattoverde.com\/?s={search_term_string}\"},\"query-input\":{\"@type\":\"PropertyValueSpecification\",\"valueRequired\":true,\"valueName\":\"search_term_string\"}}],\"inLanguage\":\"it-IT\"},{\"@type\":\"Organization\",\"@id\":\"https:\/\/ristorantealgattoverde.com\/#organization\",\"name\":\"Al Gatto Verde\",\"url\":\"https:\/\/ristorantealgattoverde.com\/\",\"logo\":{\"@type\":\"ImageObject\",\"inLanguage\":\"it-IT\",\"@id\":\"https:\/\/ristorantealgattoverde.com\/#\/schema\/logo\/image\/\",\"url\":\"https:\/\/ristorantealgattoverde.com\/wp-content\/uploads\/2024\/02\/al-gatto-verde.svg\",\"contentUrl\":\"https:\/\/ristorantealgattoverde.com\/wp-content\/uploads\/2024\/02\/al-gatto-verde.svg\",\"width\":281,\"height\":186,\"caption\":\"Al Gatto Verde\"},\"image\":{\"@id\":\"https:\/\/ristorantealgattoverde.com\/#\/schema\/logo\/image\/\"}}]}<\/script>\n<!-- \/ Yoast SEO plugin. -->","yoast_head_json":{"title":"Sostenibilit\u00e0 - Al Gatto Verde","robots":{"index":"index","follow":"follow","max-snippet":"max-snippet:-1","max-image-preview":"max-image-preview:large","max-video-preview":"max-video-preview:-1"},"canonical":"https:\/\/ristorantealgattoverde.com\/it\/al-gatto-verde-sostenibilita\/","og_locale":"it_IT","og_type":"article","og_title":"Sostenibilit\u00e0 - Al Gatto Verde","og_url":"https:\/\/ristorantealgattoverde.com\/it\/al-gatto-verde-sostenibilita\/","og_site_name":"Al Gatto Verde","article_modified_time":"2024-09-06T07:50:39+00:00","og_image":[{"url":"https:\/\/ristorantealgattoverde.com\/wp-content\/uploads\/2024\/05\/IMG_8583-682x1024.jpg"}],"twitter_card":"summary_large_image","twitter_misc":{"Tempo di lettura stimato":"1 minuto"},"schema":{"@context":"https:\/\/schema.org","@graph":[{"@type":"WebPage","@id":"https:\/\/ristorantealgattoverde.com\/it\/al-gatto-verde-sostenibilita\/","url":"https:\/\/ristorantealgattoverde.com\/it\/al-gatto-verde-sostenibilita\/","name":"Sostenibilit\u00e0 - Al Gatto Verde","isPartOf":{"@id":"https:\/\/ristorantealgattoverde.com\/#website"},"primaryImageOfPage":{"@id":"https:\/\/ristorantealgattoverde.com\/it\/al-gatto-verde-sostenibilita\/#primaryimage"},"image":{"@id":"https:\/\/ristorantealgattoverde.com\/it\/al-gatto-verde-sostenibilita\/#primaryimage"},"thumbnailUrl":"https:\/\/ristorantealgattoverde.com\/wp-content\/uploads\/2024\/05\/IMG_8583-682x1024.jpg","datePublished":"2024-02-02T10:06:33+00:00","dateModified":"2024-09-06T07:50:39+00:00","breadcrumb":{"@id":"https:\/\/ristorantealgattoverde.com\/it\/al-gatto-verde-sostenibilita\/#breadcrumb"},"inLanguage":"it-IT","potentialAction":[{"@type":"ReadAction","target":["https:\/\/ristorantealgattoverde.com\/it\/al-gatto-verde-sostenibilita\/"]}]},{"@type":"ImageObject","inLanguage":"it-IT","@id":"https:\/\/ristorantealgattoverde.com\/it\/al-gatto-verde-sostenibilita\/#primaryimage","url":"https:\/\/ristorantealgattoverde.com\/wp-content\/uploads\/2024\/05\/IMG_8583-682x1024.jpg","contentUrl":"https:\/\/ristorantealgattoverde.com\/wp-content\/uploads\/2024\/05\/IMG_8583-682x1024.jpg"},{"@type":"BreadcrumbList","@id":"https:\/\/ristorantealgattoverde.com\/it\/al-gatto-verde-sostenibilita\/#breadcrumb","itemListElement":[{"@type":"ListItem","position":1,"name":"Home","item":"https:\/\/ristorantealgattoverde.com\/it\/"},{"@type":"ListItem","position":2,"name":"Sostenibilit\u00e0"}]},{"@type":"WebSite","@id":"https:\/\/ristorantealgattoverde.com\/#website","url":"https:\/\/ristorantealgattoverde.com\/","name":"Al Gatto Verde","description":"Il ristorante della chef Jessica Rosval presso Casa Maria Luigia","publisher":{"@id":"https:\/\/ristorantealgattoverde.com\/#organization"},"potentialAction":[{"@type":"SearchAction","target":{"@type":"EntryPoint","urlTemplate":"https:\/\/ristorantealgattoverde.com\/?s={search_term_string}"},"query-input":{"@type":"PropertyValueSpecification","valueRequired":true,"valueName":"search_term_string"}}],"inLanguage":"it-IT"},{"@type":"Organization","@id":"https:\/\/ristorantealgattoverde.com\/#organization","name":"Al Gatto Verde","url":"https:\/\/ristorantealgattoverde.com\/","logo":{"@type":"ImageObject","inLanguage":"it-IT","@id":"https:\/\/ristorantealgattoverde.com\/#\/schema\/logo\/image\/","url":"https:\/\/ristorantealgattoverde.com\/wp-content\/uploads\/2024\/02\/al-gatto-verde.svg","contentUrl":"https:\/\/ristorantealgattoverde.com\/wp-content\/uploads\/2024\/02\/al-gatto-verde.svg","width":281,"height":186,"caption":"Al Gatto Verde"},"image":{"@id":"https:\/\/ristorantealgattoverde.com\/#\/schema\/logo\/image\/"}}]}},"_links":{"self":[{"href":"https:\/\/ristorantealgattoverde.com\/it\/wp-json\/wp\/v2\/pages\/4462"}],"collection":[{"href":"https:\/\/ristorantealgattoverde.com\/it\/wp-json\/wp\/v2\/pages"}],"about":[{"href":"https:\/\/ristorantealgattoverde.com\/it\/wp-json\/wp\/v2\/types\/page"}],"author":[{"embeddable":true,"href":"https:\/\/ristorantealgattoverde.com\/it\/wp-json\/wp\/v2\/users\/1"}],"replies":[{"embeddable":true,"href":"https:\/\/ristorantealgattoverde.com\/it\/wp-json\/wp\/v2\/comments?post=4462"}],"version-history":[{"count":13,"href":"https:\/\/ristorantealgattoverde.com\/it\/wp-json\/wp\/v2\/pages\/4462\/revisions"}],"predecessor-version":[{"id":5169,"href":"https:\/\/ristorantealgattoverde.com\/it\/wp-json\/wp\/v2\/pages\/4462\/revisions\/5169"}],"wp:attachment":[{"href":"https:\/\/ristorantealgattoverde.com\/it\/wp-json\/wp\/v2\/media?parent=4462"}],"curies":[{"name":"wp","href":"https:\/\/api.w.org\/{rel}","templated":true}]}}